{"id":1675,"date":"2024-09-23T10:27:06","date_gmt":"2024-09-23T10:27:06","guid":{"rendered":"https:\/\/maz.card-sat.com\/?page_id=1675"},"modified":"2025-01-06T18:09:13","modified_gmt":"2025-01-06T18:09:13","slug":"lagun-boxed-technology","status":"publish","type":"page","link":"https:\/\/maz.card-sat.com\/en\/parteneri\/lagun-boxed-technology\/","title":{"rendered":"Boxed Technology"},"content":{"rendered":"<div data-elementor-type=\"wp-page\" data-elementor-id=\"1675\" class=\"elementor elementor-1675\" data-elementor-post-type=\"page\">\n\t\t\t\t<div data-particle_enable=\"false\" data-particle-mobile-disabled=\"false\" class=\"elementor-element elementor-element-898216c e-flex e-con-boxed e-con e-parent\" data-id=\"898216c\" data-element_type=\"container\" data-e-type=\"container\">\n\t\t\t\t\t<div class=\"e-con-inner\">\n\t\t<div data-particle_enable=\"false\" data-particle-mobile-disabled=\"false\" class=\"elementor-element elementor-element-53982e1 e-con-full e-flex e-con e-child\" data-id=\"53982e1\" data-element_type=\"container\" data-e-type=\"container\">\n\t\t\t\t<div class=\"elementor-element elementor-element-4f214f2 elementor-view-default elementor-widget elementor-widget-icon\" data-id=\"4f214f2\" data-element_type=\"widget\" data-e-type=\"widget\" data-widget_type=\"icon.default\">\n\t\t\t\t<div class=\"elementor-widget-container\">\n\t\t\t\t\t\t\t<div class=\"elementor-icon-wrapper\">\n\t\t\t<a class=\"elementor-icon\" href=\"https:\/\/maz.card-sat.com\/en\/parteneri\/lagun-milling-heads\/\">\n\t\t\t<svg aria-hidden=\"true\" class=\"e-font-icon-svg e-fas-long-arrow-alt-left\" viewbox=\"0 0 448 512\" xmlns=\"http:\/\/www.w3.org\/2000\/svg\"><path d=\"M134.059 296H436c6.627 0 12-5.373 12-12v-56c0-6.627-5.373-12-12-12H134.059v-46.059c0-21.382-25.851-32.09-40.971-16.971L7.029 239.029c-9.373 9.373-9.373 24.569 0 33.941l86.059 86.059c15.119 15.119 40.971 4.411 40.971-16.971V296z\"><\/path><\/svg>\t\t\t<\/a>\n\t\t<\/div>\n\t\t\t\t\t\t<\/div>\n\t\t\t\t<\/div>\n\t\t\t\t<\/div>\n\t\t<div data-particle_enable=\"false\" data-particle-mobile-disabled=\"false\" class=\"elementor-element elementor-element-ff7d85c e-con-full e-flex e-con e-child\" data-id=\"ff7d85c\" data-element_type=\"container\" data-e-type=\"container\">\n\t\t\t\t<div class=\"elementor-element elementor-element-3363ad0 animated-slow elementor-widget elementor-widget-heading\" data-id=\"3363ad0\" data-element_type=\"widget\" data-e-type=\"widget\" data-settings=\"{&quot;_animation&quot;:&quot;none&quot;}\" data-widget_type=\"heading.default\">\n\t\t\t\t<div class=\"elementor-widget-container\">\n\t\t\t\t\t<h1 class=\"elementor-heading-title elementor-size-default\">BOXED TECHNOLOGY<\/h1>\t\t\t\t<\/div>\n\t\t\t\t<\/div>\n\t\t\t\t<\/div>\n\t\t<div data-particle_enable=\"false\" data-particle-mobile-disabled=\"false\" class=\"elementor-element elementor-element-998e5ea e-con-full e-flex e-con e-child\" data-id=\"998e5ea\" data-element_type=\"container\" data-e-type=\"container\">\n\t\t\t\t<\/div>\n\t\t\t\t\t<\/div>\n\t\t\t\t<\/div>\n\t\t<div data-particle_enable=\"false\" data-particle-mobile-disabled=\"false\" class=\"elementor-element elementor-element-6d18937 e-flex e-con-boxed e-con e-parent\" data-id=\"6d18937\" data-element_type=\"container\" data-e-type=\"container\" data-settings=\"{&quot;background_background&quot;:&quot;classic&quot;}\">\n\t\t\t\t\t<div class=\"e-con-inner\">\n\t\t\t\t<div class=\"elementor-element elementor-element-218e46a elementor-widget elementor-widget-image\" data-id=\"218e46a\" data-element_type=\"widget\" data-e-type=\"widget\" data-widget_type=\"image.default\">\n\t\t\t\t<div class=\"elementor-widget-container\">\n\t\t\t\t\t\t\t\t\t\t\t\t\t\t\t<img decoding=\"async\" width=\"2048\" height=\"15\" src=\"https:\/\/maz.card-sat.com\/wp-content\/uploads\/2024\/10\/separator1.webp\" class=\"attachment-full size-full wp-image-4638\" alt=\"\" srcset=\"https:\/\/maz.card-sat.com\/wp-content\/uploads\/2024\/10\/separator1.webp 2048w, https:\/\/maz.card-sat.com\/wp-content\/uploads\/2024\/10\/separator1-300x2.webp 300w, https:\/\/maz.card-sat.com\/wp-content\/uploads\/2024\/10\/separator1-1024x8.webp 1024w, https:\/\/maz.card-sat.com\/wp-content\/uploads\/2024\/10\/separator1-768x6.webp 768w, https:\/\/maz.card-sat.com\/wp-content\/uploads\/2024\/10\/separator1-1536x11.webp 1536w, https:\/\/maz.card-sat.com\/wp-content\/uploads\/2024\/10\/separator1-18x1.webp 18w\" sizes=\"(max-width: 2048px) 100vw, 2048px\" \/>\t\t\t\t\t\t\t\t\t\t\t\t\t\t\t<\/div>\n\t\t\t\t<\/div>\n\t\t\t\t\t<\/div>\n\t\t\t\t<\/div>\n\t\t<div data-particle_enable=\"false\" data-particle-mobile-disabled=\"false\" class=\"elementor-element elementor-element-1ba54df e-flex e-con-boxed e-con e-parent\" data-id=\"1ba54df\" data-element_type=\"container\" data-e-type=\"container\" data-settings=\"{&quot;background_background&quot;:&quot;classic&quot;}\">\n\t\t\t\t\t<div class=\"e-con-inner\">\n\t\t\t\t<div class=\"elementor-element elementor-element-c654659 elementor-widget__width-initial elementor-widget elementor-widget-video\" data-id=\"c654659\" data-element_type=\"widget\" data-e-type=\"widget\" data-settings=\"{&quot;youtube_url&quot;:&quot;https:\\\/\\\/youtu.be\\\/ZpQTJZ6W56Q&quot;,&quot;video_type&quot;:&quot;youtube&quot;,&quot;controls&quot;:&quot;yes&quot;}\" data-widget_type=\"video.default\">\n\t\t\t\t<div class=\"elementor-widget-container\">\n\t\t\t\t\t\t\t<div class=\"elementor-wrapper elementor-open-inline\">\n\t\t\t<div class=\"elementor-video\"><\/div>\t\t<\/div>\n\t\t\t\t\t\t<\/div>\n\t\t\t\t<\/div>\n\t\t\t\t\t<\/div>\n\t\t\t\t<\/div>\n\t\t<div data-particle_enable=\"false\" data-particle-mobile-disabled=\"false\" class=\"elementor-element elementor-element-6825b0c e-flex e-con-boxed e-con e-parent\" data-id=\"6825b0c\" data-element_type=\"container\" data-e-type=\"container\" data-settings=\"{&quot;background_background&quot;:&quot;classic&quot;}\">\n\t\t\t\t\t<div class=\"e-con-inner\">\n\t\t\t\t<div class=\"elementor-element elementor-element-531b661 elementor-widget__width-initial elementor-widget elementor-widget-image\" data-id=\"531b661\" data-element_type=\"widget\" data-e-type=\"widget\" data-widget_type=\"image.default\">\n\t\t\t\t<div class=\"elementor-widget-container\">\n\t\t\t\t\t\t\t\t\t\t\t\t\t\t\t<img fetchpriority=\"high\" decoding=\"async\" width=\"300\" height=\"194\" src=\"https:\/\/maz.card-sat.com\/wp-content\/uploads\/2024\/09\/Logo-box-300x194.png\" class=\"attachment-medium size-medium wp-image-1698\" alt=\"\" srcset=\"https:\/\/maz.card-sat.com\/wp-content\/uploads\/2024\/09\/Logo-box-300x194.png 300w, https:\/\/maz.card-sat.com\/wp-content\/uploads\/2024\/09\/Logo-box.png 400w\" sizes=\"(max-width: 300px) 100vw, 300px\" \/>\t\t\t\t\t\t\t\t\t\t\t\t\t\t\t<\/div>\n\t\t\t\t<\/div>\n\t\t\t\t<div class=\"elementor-element elementor-element-633bc30 elementor-widget__width-initial elementor-widget elementor-widget-text-editor\" data-id=\"633bc30\" data-element_type=\"widget\" data-e-type=\"widget\" data-widget_type=\"text-editor.default\">\n\t\t\t\t<div class=\"elementor-widget-container\">\n\t\t\t\t\t\t\t\t\t<p><span style=\"color: #ffffff;\">\"BOXED TECHNOLOGY\" is more than a manufacturing efficiency model, it is a manufacturing philosophy that we extend to our machines, our technological developments and our people. It is a technological philosophy, which includes working methods and machine thinking processes that we have been applying to our milling machines for more than 65 years.<\/span><\/p>\n<p><span style=\"color: #ffffff;\"><br><\/span><\/p><p><span style=\"color: #ffffff;\">Thinking with the \"BOXED TECHNOLOGY\" philosophy has allowed us to diversify our solutions, building on our knowledge in milling machines, to develop the most advanced portable CNC machines for the most demanding machining operations in the most complex physical spaces and welding solutions with FSW technology for the highest quality weld joints.\"<\/span><\/p>\n<p><span style=\"color: #ffffff;\">Aitor Agirre<\/span><br><span style=\"color: #ffffff;\">Director General<\/span><\/p>\n<p><span style=\"color: #ffffff;\">LAGUN MACHINE TOOLS<\/span><\/p>\t\t\t\t\t\t\t\t<\/div>\n\t\t\t\t<\/div>\n\t\t\t\t\t<\/div>\n\t\t\t\t<\/div>\n\t\t<div data-particle_enable=\"false\" data-particle-mobile-disabled=\"false\" class=\"elementor-element elementor-element-f7967d7 e-flex e-con-boxed e-con e-parent\" data-id=\"f7967d7\" data-element_type=\"container\" data-e-type=\"container\" data-settings=\"{&quot;background_background&quot;:&quot;classic&quot;}\">\n\t\t\t\t\t<div class=\"e-con-inner\">\n\t\t<div data-particle_enable=\"false\" data-particle-mobile-disabled=\"false\" class=\"elementor-element elementor-element-0d627cc e-con-full e-flex e-con e-child\" data-id=\"0d627cc\" data-element_type=\"container\" data-e-type=\"container\">\n\t\t\t\t<div class=\"elementor-element elementor-element-f370b68 blurry elementor-widget elementor-widget-text-editor\" data-id=\"f370b68\" data-element_type=\"widget\" data-e-type=\"widget\" data-widget_type=\"text-editor.default\">\n\t\t\t\t<div class=\"elementor-widget-container\">\n\t\t\t\t\t\t\t\t\t<p>LAGUN's modular technology is composed and organized of easily interchangeable and reconfigurable modules.<\/p><p>Modular architecture is a design approach in which a system is composed of separate, interchangeable components or modules.<\/p><p>The specific advantages of this modular technology benefit customer productivity in the following aspects:<\/p><table style=\"width: 100%; border-collapse: collapse; border: #000000;\"><tbody><tr><td style=\"width: 33.3333%; border: #000000;\"><ul><li>Flexibility and scalability.<\/li><li>Easy to maintain and repair.<\/li><li>Interoperability between different modules and components.<\/li><\/ul><\/td><td style=\"width: 33.3333%; border: #000000;\"><ul><li>Cost efficiency.<\/li><li>Faster development cycles.<\/li><li>Adaptability to future technologies.<\/li><\/ul><\/td><td style=\"width: 33.3333%; border: #000000;\"><ul><li>Isolate faults within modules to minimize the impact on the whole system.<\/li><li>Re-use and sustainability.<\/li><\/ul><\/td><\/tr><\/tbody><\/table><p>In short, the modular architecture from LAGUN MACHINE TOOLS is an attractive choice for building complex and evolving systems in a variety of domains, including software development, hardware design and manufacturing.<\/p>\t\t\t\t\t\t\t\t<\/div>\n\t\t\t\t<\/div>\n\t\t\t\t<\/div>\n\t\t<div data-particle_enable=\"false\" data-particle-mobile-disabled=\"false\" class=\"elementor-element elementor-element-82a9c5b e-con-full e-flex e-con e-child\" data-id=\"82a9c5b\" data-element_type=\"container\" data-e-type=\"container\">\n\t\t\t\t<div class=\"elementor-element elementor-element-9a2ffcd elementor-widget elementor-widget-image\" data-id=\"9a2ffcd\" data-element_type=\"widget\" data-e-type=\"widget\" data-widget_type=\"image.default\">\n\t\t\t\t<div class=\"elementor-widget-container\">\n\t\t\t\t\t\t\t\t\t\t\t\t\t\t\t<img decoding=\"async\" width=\"800\" height=\"538\" src=\"https:\/\/maz.card-sat.com\/wp-content\/uploads\/2024\/09\/boxed-presenta-1024x688.jpg\" class=\"attachment-large size-large wp-image-1683\" alt=\"\" srcset=\"https:\/\/maz.card-sat.com\/wp-content\/uploads\/2024\/09\/boxed-presenta-1024x688.jpg 1024w, https:\/\/maz.card-sat.com\/wp-content\/uploads\/2024\/09\/boxed-presenta-300x202.jpg 300w, https:\/\/maz.card-sat.com\/wp-content\/uploads\/2024\/09\/boxed-presenta-768x516.jpg 768w, https:\/\/maz.card-sat.com\/wp-content\/uploads\/2024\/09\/boxed-presenta-1536x1032.jpg 1536w, https:\/\/maz.card-sat.com\/wp-content\/uploads\/2024\/09\/boxed-presenta.jpg 1920w\" sizes=\"(max-width: 800px) 100vw, 800px\" \/>\t\t\t\t\t\t\t\t\t\t\t\t\t\t\t<\/div>\n\t\t\t\t<\/div>\n\t\t\t\t<\/div>\n\t\t\t\t\t<\/div>\n\t\t\t\t<\/div>\n\t\t<div data-particle_enable=\"false\" data-particle-mobile-disabled=\"false\" class=\"elementor-element elementor-element-d26e603 e-flex e-con-boxed e-con e-parent\" data-id=\"d26e603\" data-element_type=\"container\" data-e-type=\"container\">\n\t\t\t\t\t<div class=\"e-con-inner\">\n\t\t\t\t<div class=\"elementor-element elementor-element-4540a5d elementor-widget elementor-widget-image\" data-id=\"4540a5d\" data-element_type=\"widget\" data-e-type=\"widget\" data-widget_type=\"image.default\">\n\t\t\t\t<div class=\"elementor-widget-container\">\n\t\t\t\t\t\t\t\t\t\t\t\t\t\t\t<img decoding=\"async\" width=\"2048\" height=\"15\" src=\"https:\/\/maz.card-sat.com\/wp-content\/uploads\/2024\/10\/separator1.webp\" class=\"attachment-full size-full wp-image-4638\" alt=\"\" srcset=\"https:\/\/maz.card-sat.com\/wp-content\/uploads\/2024\/10\/separator1.webp 2048w, https:\/\/maz.card-sat.com\/wp-content\/uploads\/2024\/10\/separator1-300x2.webp 300w, https:\/\/maz.card-sat.com\/wp-content\/uploads\/2024\/10\/separator1-1024x8.webp 1024w, https:\/\/maz.card-sat.com\/wp-content\/uploads\/2024\/10\/separator1-768x6.webp 768w, https:\/\/maz.card-sat.com\/wp-content\/uploads\/2024\/10\/separator1-1536x11.webp 1536w, https:\/\/maz.card-sat.com\/wp-content\/uploads\/2024\/10\/separator1-18x1.webp 18w\" sizes=\"(max-width: 2048px) 100vw, 2048px\" \/>\t\t\t\t\t\t\t\t\t\t\t\t\t\t\t<\/div>\n\t\t\t\t<\/div>\n\t\t\t\t\t<\/div>\n\t\t\t\t<\/div>\n\t\t\t\t<\/div>","protected":false},"excerpt":{"rendered":"<p>TEHNOLOGIA MODULAR\u0102 &#8222;BOXED TECHNOLOGY&#8221; este mai mult dec\u00e2t un model de eficien\u021b\u0103 a produc\u021biei, este o filozofie de fabrica\u021bie pe care o extindem la ma\u0219inile noastre, la evolu\u021biile noastre tehnologice \u0219i la oamenii no\u0219tri. Este o filozofie tehnologic\u0103, care include metode de lucru \u0219i procese de g\u00e2ndire despre ma\u0219ini, pe care le aplic\u0103m ma\u0219inilor noastre [&hellip;]<\/p>\n","protected":false},"author":3,"featured_media":0,"parent":6808,"menu_order":0,"comment_status":"closed","ping_status":"closed","template":"","meta":{"iawp_total_views":0,"footnotes":""},"class_list":["post-1675","page","type-page","status-publish","hentry"],"yoast_head":"<!-- This site is optimized with the Yoast SEO plugin v27.5 - https:\/\/yoast.com\/product\/yoast-seo-wordpress\/ -->\n<title>Tehnologia Modular\u0103 - MAZAROM<\/title>\n<meta name=\"robots\" content=\"index, follow, max-snippet:-1, max-image-preview:large, max-video-preview:-1\" \/>\n<link rel=\"canonical\" href=\"https:\/\/maz.card-sat.com\/en\/parteneri\/lagun-boxed-technology\/\" \/>\n<meta property=\"og:locale\" content=\"en_US\" \/>\n<meta property=\"og:type\" content=\"article\" \/>\n<meta property=\"og:title\" content=\"Tehnologia Modular\u0103 - MAZAROM\" \/>\n<meta property=\"og:description\" content=\"TEHNOLOGIA MODULAR\u0102 &#8222;BOXED TECHNOLOGY&#8221; este mai mult dec\u00e2t un model de eficien\u021b\u0103 a produc\u021biei, este o filozofie de fabrica\u021bie pe care o extindem la ma\u0219inile noastre, la evolu\u021biile noastre tehnologice \u0219i la oamenii no\u0219tri. Este o filozofie tehnologic\u0103, care include metode de lucru \u0219i procese de g\u00e2ndire despre ma\u0219ini, pe care le aplic\u0103m ma\u0219inilor noastre [&hellip;]\" \/>\n<meta property=\"og:url\" content=\"https:\/\/maz.card-sat.com\/en\/parteneri\/lagun-boxed-technology\/\" \/>\n<meta property=\"og:site_name\" content=\"MAZAROM\" \/>\n<meta property=\"article:modified_time\" content=\"2025-01-06T18:09:13+00:00\" \/>\n<meta property=\"og:image\" content=\"https:\/\/maz.card-sat.com\/wp-content\/uploads\/2024\/10\/separator1.webp?_t=1736186953\" \/>\n<meta name=\"twitter:card\" content=\"summary_large_image\" \/>\n<meta name=\"twitter:label1\" content=\"Est. reading time\" \/>\n\t<meta name=\"twitter:data1\" content=\"2 minutes\" \/>\n<script type=\"application\/ld+json\" class=\"yoast-schema-graph\">{\"@context\":\"https:\\\/\\\/schema.org\",\"@graph\":[{\"@type\":\"WebPage\",\"@id\":\"https:\\\/\\\/maz.card-sat.com\\\/parteneri\\\/lagun-boxed-technology\\\/\",\"url\":\"https:\\\/\\\/maz.card-sat.com\\\/parteneri\\\/lagun-boxed-technology\\\/\",\"name\":\"Tehnologia Modular\u0103 - MAZAROM\",\"isPartOf\":{\"@id\":\"http:\\\/\\\/maz.card-sat.com\\\/ro\\\/#website\"},\"primaryImageOfPage\":{\"@id\":\"https:\\\/\\\/maz.card-sat.com\\\/parteneri\\\/lagun-boxed-technology\\\/#primaryimage\"},\"image\":{\"@id\":\"https:\\\/\\\/maz.card-sat.com\\\/parteneri\\\/lagun-boxed-technology\\\/#primaryimage\"},\"thumbnailUrl\":\"https:\\\/\\\/maz.card-sat.com\\\/wp-content\\\/uploads\\\/2024\\\/10\\\/separator1.webp?_t=1736186953\",\"datePublished\":\"2024-09-23T10:27:06+00:00\",\"dateModified\":\"2025-01-06T18:09:13+00:00\",\"breadcrumb\":{\"@id\":\"https:\\\/\\\/maz.card-sat.com\\\/parteneri\\\/lagun-boxed-technology\\\/#breadcrumb\"},\"inLanguage\":\"en-US\",\"potentialAction\":[{\"@type\":\"ReadAction\",\"target\":[\"https:\\\/\\\/maz.card-sat.com\\\/parteneri\\\/lagun-boxed-technology\\\/\"]}]},{\"@type\":\"ImageObject\",\"inLanguage\":\"en-US\",\"@id\":\"https:\\\/\\\/maz.card-sat.com\\\/parteneri\\\/lagun-boxed-technology\\\/#primaryimage\",\"url\":\"https:\\\/\\\/maz.card-sat.com\\\/wp-content\\\/uploads\\\/2024\\\/10\\\/separator1.webp?_t=1736186953\",\"contentUrl\":\"https:\\\/\\\/maz.card-sat.com\\\/wp-content\\\/uploads\\\/2024\\\/10\\\/separator1.webp?_t=1736186953\"},{\"@type\":\"BreadcrumbList\",\"@id\":\"https:\\\/\\\/maz.card-sat.com\\\/parteneri\\\/lagun-boxed-technology\\\/#breadcrumb\",\"itemListElement\":[{\"@type\":\"ListItem\",\"position\":1,\"name\":\"ACAS\u0102\",\"item\":\"http:\\\/\\\/maz.card-sat.com\\\/ro\\\/\"},{\"@type\":\"ListItem\",\"position\":2,\"name\":\"PARTENERI\",\"item\":\"http:\\\/\\\/maz.card-sat.com\\\/ro\\\/parteneri\\\/\"},{\"@type\":\"ListItem\",\"position\":3,\"name\":\"Tehnologia Modular\u0103\"}]},{\"@type\":\"WebSite\",\"@id\":\"http:\\\/\\\/maz.card-sat.com\\\/ro\\\/#website\",\"url\":\"http:\\\/\\\/maz.card-sat.com\\\/ro\\\/\",\"name\":\"MAZAROM\",\"description\":\"\",\"publisher\":{\"@id\":\"http:\\\/\\\/maz.card-sat.com\\\/ro\\\/#organization\"},\"potentialAction\":[{\"@type\":\"SearchAction\",\"target\":{\"@type\":\"EntryPoint\",\"urlTemplate\":\"http:\\\/\\\/maz.card-sat.com\\\/ro\\\/?s={search_term_string}\"},\"query-input\":{\"@type\":\"PropertyValueSpecification\",\"valueRequired\":true,\"valueName\":\"search_term_string\"}}],\"inLanguage\":\"en-US\"},{\"@type\":\"Organization\",\"@id\":\"http:\\\/\\\/maz.card-sat.com\\\/ro\\\/#organization\",\"name\":\"MAZAROM\",\"url\":\"http:\\\/\\\/maz.card-sat.com\\\/ro\\\/\",\"logo\":{\"@type\":\"ImageObject\",\"inLanguage\":\"en-US\",\"@id\":\"http:\\\/\\\/maz.card-sat.com\\\/ro\\\/#\\\/schema\\\/logo\\\/image\\\/\",\"url\":\"https:\\\/\\\/maz.card-sat.com\\\/wp-content\\\/uploads\\\/2024\\\/09\\\/logo.webp\",\"contentUrl\":\"https:\\\/\\\/maz.card-sat.com\\\/wp-content\\\/uploads\\\/2024\\\/09\\\/logo.webp\",\"width\":1024,\"height\":137,\"caption\":\"MAZAROM\"},\"image\":{\"@id\":\"http:\\\/\\\/maz.card-sat.com\\\/ro\\\/#\\\/schema\\\/logo\\\/image\\\/\"}}]}<\/script>\n<!-- \/ Yoast SEO plugin. -->","yoast_head_json":{"title":"Tehnologia Modular\u0103 - MAZAROM","robots":{"index":"index","follow":"follow","max-snippet":"max-snippet:-1","max-image-preview":"max-image-preview:large","max-video-preview":"max-video-preview:-1"},"canonical":"https:\/\/maz.card-sat.com\/en\/parteneri\/lagun-boxed-technology\/","og_locale":"en_US","og_type":"article","og_title":"Tehnologia Modular\u0103 - MAZAROM","og_description":"TEHNOLOGIA MODULAR\u0102 &#8222;BOXED TECHNOLOGY&#8221; este mai mult dec\u00e2t un model de eficien\u021b\u0103 a produc\u021biei, este o filozofie de fabrica\u021bie pe care o extindem la ma\u0219inile noastre, la evolu\u021biile noastre tehnologice \u0219i la oamenii no\u0219tri. Este o filozofie tehnologic\u0103, care include metode de lucru \u0219i procese de g\u00e2ndire despre ma\u0219ini, pe care le aplic\u0103m ma\u0219inilor noastre [&hellip;]","og_url":"https:\/\/maz.card-sat.com\/en\/parteneri\/lagun-boxed-technology\/","og_site_name":"MAZAROM","article_modified_time":"2025-01-06T18:09:13+00:00","og_image":[{"url":"https:\/\/maz.card-sat.com\/wp-content\/uploads\/2024\/10\/separator1.webp?_t=1736186953","type":"","width":"","height":""}],"twitter_card":"summary_large_image","twitter_misc":{"Est. reading time":"2 minutes"},"schema":{"@context":"https:\/\/schema.org","@graph":[{"@type":"WebPage","@id":"https:\/\/maz.card-sat.com\/parteneri\/lagun-boxed-technology\/","url":"https:\/\/maz.card-sat.com\/parteneri\/lagun-boxed-technology\/","name":"Tehnologia Modular\u0103 - MAZAROM","isPartOf":{"@id":"http:\/\/maz.card-sat.com\/ro\/#website"},"primaryImageOfPage":{"@id":"https:\/\/maz.card-sat.com\/parteneri\/lagun-boxed-technology\/#primaryimage"},"image":{"@id":"https:\/\/maz.card-sat.com\/parteneri\/lagun-boxed-technology\/#primaryimage"},"thumbnailUrl":"https:\/\/maz.card-sat.com\/wp-content\/uploads\/2024\/10\/separator1.webp?_t=1736186953","datePublished":"2024-09-23T10:27:06+00:00","dateModified":"2025-01-06T18:09:13+00:00","breadcrumb":{"@id":"https:\/\/maz.card-sat.com\/parteneri\/lagun-boxed-technology\/#breadcrumb"},"inLanguage":"en-US","potentialAction":[{"@type":"ReadAction","target":["https:\/\/maz.card-sat.com\/parteneri\/lagun-boxed-technology\/"]}]},{"@type":"ImageObject","inLanguage":"en-US","@id":"https:\/\/maz.card-sat.com\/parteneri\/lagun-boxed-technology\/#primaryimage","url":"https:\/\/maz.card-sat.com\/wp-content\/uploads\/2024\/10\/separator1.webp?_t=1736186953","contentUrl":"https:\/\/maz.card-sat.com\/wp-content\/uploads\/2024\/10\/separator1.webp?_t=1736186953"},{"@type":"BreadcrumbList","@id":"https:\/\/maz.card-sat.com\/parteneri\/lagun-boxed-technology\/#breadcrumb","itemListElement":[{"@type":"ListItem","position":1,"name":"ACAS\u0102","item":"http:\/\/maz.card-sat.com\/ro\/"},{"@type":"ListItem","position":2,"name":"PARTENERI","item":"http:\/\/maz.card-sat.com\/ro\/parteneri\/"},{"@type":"ListItem","position":3,"name":"Tehnologia Modular\u0103"}]},{"@type":"WebSite","@id":"http:\/\/maz.card-sat.com\/ro\/#website","url":"http:\/\/maz.card-sat.com\/ro\/","name":"MAZAROM","description":"","publisher":{"@id":"http:\/\/maz.card-sat.com\/ro\/#organization"},"potentialAction":[{"@type":"SearchAction","target":{"@type":"EntryPoint","urlTemplate":"http:\/\/maz.card-sat.com\/ro\/?s={search_term_string}"},"query-input":{"@type":"PropertyValueSpecification","valueRequired":true,"valueName":"search_term_string"}}],"inLanguage":"en-US"},{"@type":"Organization","@id":"http:\/\/maz.card-sat.com\/ro\/#organization","name":"MAZAROM","url":"http:\/\/maz.card-sat.com\/ro\/","logo":{"@type":"ImageObject","inLanguage":"en-US","@id":"http:\/\/maz.card-sat.com\/ro\/#\/schema\/logo\/image\/","url":"https:\/\/maz.card-sat.com\/wp-content\/uploads\/2024\/09\/logo.webp","contentUrl":"https:\/\/maz.card-sat.com\/wp-content\/uploads\/2024\/09\/logo.webp","width":1024,"height":137,"caption":"MAZAROM"},"image":{"@id":"http:\/\/maz.card-sat.com\/ro\/#\/schema\/logo\/image\/"}}]}},"_links":{"self":[{"href":"https:\/\/maz.card-sat.com\/en\/wp-json\/wp\/v2\/pages\/1675","targetHints":{"allow":["GET"]}}],"collection":[{"href":"https:\/\/maz.card-sat.com\/en\/wp-json\/wp\/v2\/pages"}],"about":[{"href":"https:\/\/maz.card-sat.com\/en\/wp-json\/wp\/v2\/types\/page"}],"author":[{"embeddable":true,"href":"https:\/\/maz.card-sat.com\/en\/wp-json\/wp\/v2\/users\/3"}],"replies":[{"embeddable":true,"href":"https:\/\/maz.card-sat.com\/en\/wp-json\/wp\/v2\/comments?post=1675"}],"version-history":[{"count":50,"href":"https:\/\/maz.card-sat.com\/en\/wp-json\/wp\/v2\/pages\/1675\/revisions"}],"predecessor-version":[{"id":8184,"href":"https:\/\/maz.card-sat.com\/en\/wp-json\/wp\/v2\/pages\/1675\/revisions\/8184"}],"up":[{"embeddable":true,"href":"https:\/\/maz.card-sat.com\/en\/wp-json\/wp\/v2\/pages\/6808"}],"wp:attachment":[{"href":"https:\/\/maz.card-sat.com\/en\/wp-json\/wp\/v2\/media?parent=1675"}],"curies":[{"name":"wp","href":"https:\/\/api.w.org\/{rel}","templated":true}]}}