{"id":3730,"date":"2024-10-09T10:12:15","date_gmt":"2024-10-09T10:12:15","guid":{"rendered":"https:\/\/maz.card-sat.com\/?page_id=3730"},"modified":"2025-04-23T11:38:11","modified_gmt":"2025-04-23T11:38:11","slug":"cerere-oferta","status":"publish","type":"page","link":"https:\/\/maz.card-sat.com\/ro\/cerere-oferta\/","title":{"rendered":"Cerere Ofert\u0103"},"content":{"rendered":"\t\t<div data-elementor-type=\"wp-page\" data-elementor-id=\"3730\" class=\"elementor elementor-3730\" data-elementor-post-type=\"page\">\n\t\t\t\t<div data-particle_enable=\"false\" data-particle-mobile-disabled=\"false\" class=\"elementor-element elementor-element-18260e6 e-flex e-con-boxed e-con e-parent\" data-id=\"18260e6\" data-element_type=\"container\" data-e-type=\"container\" data-settings=\"{&quot;background_background&quot;:&quot;classic&quot;}\">\n\t\t\t\t\t<div class=\"e-con-inner\">\n\t\t\t\t<div class=\"elementor-element elementor-element-c92a17a animated-slow elementor-widget elementor-widget-heading\" data-id=\"c92a17a\" data-element_type=\"widget\" data-e-type=\"widget\" data-settings=\"{&quot;_animation&quot;:&quot;none&quot;}\" data-widget_type=\"heading.default\">\n\t\t\t\t<div class=\"elementor-widget-container\">\n\t\t\t\t\t<h1 class=\"elementor-heading-title elementor-size-default\">SOLICIT\u0102 OFERT\u0102<\/h1>\t\t\t\t<\/div>\n\t\t\t\t<\/div>\n\t\t\t\t\t<\/div>\n\t\t\t\t<\/div>\n\t\t<div data-particle_enable=\"false\" data-particle-mobile-disabled=\"false\" class=\"elementor-element elementor-element-507b915 e-flex e-con-boxed e-con e-parent\" data-id=\"507b915\" data-element_type=\"container\" data-e-type=\"container\" data-settings=\"{&quot;background_background&quot;:&quot;classic&quot;}\">\n\t\t\t\t\t<div class=\"e-con-inner\">\n\t\t\t\t<div class=\"elementor-element elementor-element-283c9a7 elementor-widget elementor-widget-image\" data-id=\"283c9a7\" data-element_type=\"widget\" data-e-type=\"widget\" data-widget_type=\"image.default\">\n\t\t\t\t<div class=\"elementor-widget-container\">\n\t\t\t\t\t\t\t\t\t\t\t\t\t\t\t<img decoding=\"async\" width=\"2048\" height=\"15\" src=\"https:\/\/maz.card-sat.com\/wp-content\/uploads\/2024\/10\/separator1.webp\" class=\"attachment-full size-full wp-image-4638\" alt=\"\" srcset=\"https:\/\/maz.card-sat.com\/wp-content\/uploads\/2024\/10\/separator1.webp 2048w, https:\/\/maz.card-sat.com\/wp-content\/uploads\/2024\/10\/separator1-300x2.webp 300w, https:\/\/maz.card-sat.com\/wp-content\/uploads\/2024\/10\/separator1-1024x8.webp 1024w, https:\/\/maz.card-sat.com\/wp-content\/uploads\/2024\/10\/separator1-768x6.webp 768w, https:\/\/maz.card-sat.com\/wp-content\/uploads\/2024\/10\/separator1-1536x11.webp 1536w, https:\/\/maz.card-sat.com\/wp-content\/uploads\/2024\/10\/separator1-18x1.webp 18w\" sizes=\"(max-width: 2048px) 100vw, 2048px\" \/>\t\t\t\t\t\t\t\t\t\t\t\t\t\t\t<\/div>\n\t\t\t\t<\/div>\n\t\t\t\t\t<\/div>\n\t\t\t\t<\/div>\n\t\t<div data-particle_enable=\"false\" data-particle-mobile-disabled=\"false\" class=\"elementor-element elementor-element-718cc6f e-flex e-con-boxed e-con e-parent\" data-id=\"718cc6f\" data-element_type=\"container\" data-e-type=\"container\">\n\t\t\t\t\t<div class=\"e-con-inner\">\n\t\t<div data-particle_enable=\"false\" data-particle-mobile-disabled=\"false\" class=\"elementor-element elementor-element-198bb14 e-con-full e-flex e-con e-child\" data-id=\"198bb14\" data-element_type=\"container\" data-e-type=\"container\">\n\t\t\t\t<div class=\"elementor-element elementor-element-2b74bc0 blurry elementor-widget elementor-widget-text-editor\" data-id=\"2b74bc0\" data-element_type=\"widget\" data-e-type=\"widget\" data-widget_type=\"text-editor.default\">\n\t\t\t\t<div class=\"elementor-widget-container\">\n\t\t\t\t\t\t\t\t\t<p>Dori\u021bi mai multe informa\u021bii despre produsele sau serviciile noastre?<\/p><p>Echipa noastr\u0103 v\u0103 poate ajuta.<\/p><p>Spune\u021bi-ne mai multe despre nevoile dumneavoastr\u0103 prin intermediul formularului ata\u0219at.<\/p><p>Vom face tot posibilul s\u0103 v\u0103 contact\u0103m \u00eentr-o zi.<\/p>\t\t\t\t\t\t\t\t<\/div>\n\t\t\t\t<\/div>\n\t\t\t\t<\/div>\n\t\t<div data-particle_enable=\"false\" data-particle-mobile-disabled=\"false\" class=\"elementor-element elementor-element-da5c9fc e-con-full e-flex e-con e-child\" data-id=\"da5c9fc\" data-element_type=\"container\" data-e-type=\"container\">\n\t\t\t\t<div class=\"elementor-element elementor-element-07c5e5d elementor-widget elementor-widget-image\" data-id=\"07c5e5d\" data-element_type=\"widget\" data-e-type=\"widget\" data-widget_type=\"image.default\">\n\t\t\t\t<div class=\"elementor-widget-container\">\n\t\t\t\t\t\t\t\t\t\t\t\t\t\t\t<img decoding=\"async\" src=\"https:\/\/maz.card-sat.com\/wp-content\/uploads\/elementor\/thumbs\/logo1-1-qvi1lz27x2b0txs96zanxe31x0fmb6q1r9t6cei3gg.webp\" title=\"logo1\" alt=\"logo1\" loading=\"lazy\" \/>\t\t\t\t\t\t\t\t\t\t\t\t\t\t\t<\/div>\n\t\t\t\t<\/div>\n\t\t\t\t<div class=\"elementor-element elementor-element-e6e9f9a eael-wpforms-labels-yes eael-wpforms-form-button-custom elementor-widget elementor-widget-eael-wpforms\" data-id=\"e6e9f9a\" data-element_type=\"widget\" data-e-type=\"widget\" data-widget_type=\"eael-wpforms.default\">\n\t\t\t\t<div class=\"elementor-widget-container\">\n\t\t\t\t\t            <div class=\"eael-contact-form eael-wpforms eael-wpforms-align-default\">\n                                <div class=\"wpforms-container wpforms-container-full wpforms-render-modern\" id=\"wpforms-3634\"><form id=\"wpforms-form-3634\" class=\"wpforms-validate wpforms-form\" data-formid=\"3634\" method=\"post\" enctype=\"multipart\/form-data\" action=\"\/ro\/wp-json\/wp\/v2\/pages\/3730\" data-token=\"d798554781d394b840292724496c3c25\" data-token-time=\"1777891208\"><noscript class=\"wpforms-error-noscript\">Please enable JavaScript in your browser to complete this form.<\/noscript><div class=\"wpforms-hidden\" id=\"wpforms-error-noscript\">Please enable JavaScript in your browser to complete this form.<\/div><div class=\"wpforms-field-container\"><div id=\"wpforms-3634-field_1-container\" class=\"wpforms-field wpforms-field-name\" data-field-id=\"1\"><fieldset><legend class=\"wpforms-field-label\">Nume: <span class=\"wpforms-required-label\" aria-hidden=\"true\">*<\/span><\/legend><div class=\"wpforms-field-row wpforms-field-large\"><div class=\"wpforms-field-row-block wpforms-first wpforms-one-half\"><input type=\"text\" id=\"wpforms-3634-field_1\" class=\"wpforms-field-name-first wpforms-field-required\" name=\"wpforms[fields][1][first]\" placeholder=\"Prenume\" aria-errormessage=\"wpforms-3634-field_1-error\" required><label for=\"wpforms-3634-field_1\" class=\"wpforms-field-sublabel after wpforms-sublabel-hide\">First<\/label><\/div><div class=\"wpforms-field-row-block wpforms-one-half\"><input type=\"text\" id=\"wpforms-3634-field_1-last\" class=\"wpforms-field-name-last wpforms-field-required\" name=\"wpforms[fields][1][last]\" placeholder=\"Nume\" aria-errormessage=\"wpforms-3634-field_1-last-error\" required><label for=\"wpforms-3634-field_1-last\" class=\"wpforms-field-sublabel after wpforms-sublabel-hide\">Last<\/label><\/div><\/div><\/fieldset><\/div><div id=\"wpforms-3634-field_4-container\" class=\"wpforms-field wpforms-field-layout\" data-field-id=\"4\"><div class=\"wpforms-field-layout-rows wpforms-field-large\"><div class=\"wpforms-layout-row\"><div class=\"wpforms-layout-column wpforms-layout-column-50\"><div id=\"wpforms-3634-field_7-container\" class=\"wpforms-field wpforms-field-text\" data-field-id=\"7\"><label class=\"wpforms-field-label\" for=\"wpforms-3634-field_7\">Companie: <span class=\"wpforms-required-label\" aria-hidden=\"true\">*<\/span><\/label><input type=\"text\" id=\"wpforms-3634-field_7\" class=\"wpforms-field-medium wpforms-field-required\" name=\"wpforms[fields][7]\" placeholder=\"Numele companiei dumneavoastra\" aria-errormessage=\"wpforms-3634-field_7-error\" required><\/div><\/div><div class=\"wpforms-layout-column wpforms-layout-column-50\"><div id=\"wpforms-3634-field_8-container\" class=\"wpforms-field wpforms-field-text\" data-field-id=\"8\"><label class=\"wpforms-field-label\" for=\"wpforms-3634-field_8\">Adres\u0103:<\/label><input type=\"text\" id=\"wpforms-3634-field_8\" class=\"wpforms-field-medium\" name=\"wpforms[fields][8]\" placeholder=\"Adresa\" aria-errormessage=\"wpforms-3634-field_8-error\" ><\/div><\/div><\/div><div class=\"wpforms-layout-row\"><div class=\"wpforms-layout-column wpforms-layout-column-50\"><div id=\"wpforms-3634-field_5-container\" class=\"wpforms-field wpforms-field-email\" data-field-id=\"5\"><label class=\"wpforms-field-label\" for=\"wpforms-3634-field_5\">Email: <span class=\"wpforms-required-label\" aria-hidden=\"true\">*<\/span><\/label><input type=\"email\" id=\"wpforms-3634-field_5\" class=\"wpforms-field-small wpforms-field-required\" name=\"wpforms[fields][5]\" placeholder=\"Adresa dumneavoastr\u0103 de Email\" spellcheck=\"false\" aria-errormessage=\"wpforms-3634-field_5-error\" required><\/div><\/div><div class=\"wpforms-layout-column wpforms-layout-column-50\"><div id=\"wpforms-3634-field_6-container\" class=\"wpforms-field wpforms-field-phone\" data-field-id=\"6\"><label class=\"wpforms-field-label\" for=\"wpforms-3634-field_6\">Telefon:<\/label><input type=\"tel\" id=\"wpforms-3634-field_6\" class=\"wpforms-field-medium wpforms-smart-phone-field\" data-rule-smart-phone-field=\"true\" name=\"wpforms[fields][6]\" placeholder=\"Num\u0103r de telefon\" aria-label=\"Telefon:\" aria-errormessage=\"wpforms-3634-field_6-error\" ><\/div><\/div><\/div><\/div><\/div><div id=\"wpforms-3634-field_3-container\" class=\"wpforms-field wpforms-field-textarea\" data-field-id=\"3\"><label class=\"wpforms-field-label\" for=\"wpforms-3634-field_3\">Mesajul Dumneavoastr\u0103: <span class=\"wpforms-required-label\" aria-hidden=\"true\">*<\/span><\/label><textarea id=\"wpforms-3634-field_3\" class=\"wpforms-field-medium wpforms-field-required\" name=\"wpforms[fields][3]\" aria-errormessage=\"wpforms-3634-field_3-error\" required><\/textarea><\/div><\/div><!-- .wpforms-field-container --><div class=\"wpforms-recaptcha-container wpforms-is-recaptcha wpforms-is-recaptcha-type-v3\" ><input type=\"hidden\" name=\"wpforms[recaptcha]\" value=\"\"><\/div><div class=\"wpforms-submit-container\" ><input type=\"hidden\" name=\"wpforms[id]\" value=\"3634\"><input type=\"hidden\" name=\"page_title\" value=\"\"><input type=\"hidden\" name=\"page_url\" value=\"https:\/\/maz.card-sat.com\/ro\/wp-json\/wp\/v2\/pages\/3730\"><button type=\"submit\" name=\"wpforms[submit]\" id=\"wpforms-submit-3634\" class=\"wpforms-submit\" data-alt-text=\"Se trimite...\" data-submit-text=\"Trimite\" aria-live=\"assertive\" value=\"wpforms-submit\">Trimite<\/button><\/div><\/form><\/div>  <!-- .wpforms-container -->            <\/div>\n\t\t\t\t<\/div>\n\t\t\t\t<\/div>\n\t\t\t\t<\/div>\n\t\t\t\t\t<\/div>\n\t\t\t\t<\/div>\n\t\t<div data-particle_enable=\"false\" data-particle-mobile-disabled=\"false\" class=\"elementor-element elementor-element-d1933b2 e-flex e-con-boxed e-con e-parent\" data-id=\"d1933b2\" data-element_type=\"container\" data-e-type=\"container\" data-settings=\"{&quot;background_background&quot;:&quot;classic&quot;}\">\n\t\t\t\t\t<div class=\"e-con-inner\">\n\t\t\t\t<div class=\"elementor-element elementor-element-177888f elementor-widget elementor-widget-image\" data-id=\"177888f\" data-element_type=\"widget\" data-e-type=\"widget\" data-widget_type=\"image.default\">\n\t\t\t\t<div class=\"elementor-widget-container\">\n\t\t\t\t\t\t\t\t\t\t\t\t\t\t\t<img decoding=\"async\" width=\"2048\" height=\"15\" src=\"https:\/\/maz.card-sat.com\/wp-content\/uploads\/2024\/10\/separator1.webp\" class=\"attachment-full size-full wp-image-4638\" alt=\"\" srcset=\"https:\/\/maz.card-sat.com\/wp-content\/uploads\/2024\/10\/separator1.webp 2048w, https:\/\/maz.card-sat.com\/wp-content\/uploads\/2024\/10\/separator1-300x2.webp 300w, https:\/\/maz.card-sat.com\/wp-content\/uploads\/2024\/10\/separator1-1024x8.webp 1024w, https:\/\/maz.card-sat.com\/wp-content\/uploads\/2024\/10\/separator1-768x6.webp 768w, https:\/\/maz.card-sat.com\/wp-content\/uploads\/2024\/10\/separator1-1536x11.webp 1536w, https:\/\/maz.card-sat.com\/wp-content\/uploads\/2024\/10\/separator1-18x1.webp 18w\" sizes=\"(max-width: 2048px) 100vw, 2048px\" \/>\t\t\t\t\t\t\t\t\t\t\t\t\t\t\t<\/div>\n\t\t\t\t<\/div>\n\t\t\t\t\t<\/div>\n\t\t\t\t<\/div>\n\t\t\t\t<\/div>\n\t\t","protected":false},"excerpt":{"rendered":"<p>SOLICIT\u0102 OFERT\u0102 Dori\u021bi mai multe informa\u021bii despre produsele sau serviciile noastre? Echipa noastr\u0103 v\u0103 poate ajuta. Spune\u021bi-ne mai multe despre nevoile dumneavoastr\u0103 prin intermediul formularului ata\u0219at. Vom face tot posibilul s\u0103 v\u0103 contact\u0103m \u00eentr-o zi. Please enable JavaScript in your browser to complete this form.Please enable JavaScript in your browser to complete this form. Nume: [&hellip;]<\/p>\n","protected":false},"author":3,"featured_media":0,"parent":0,"menu_order":0,"comment_status":"closed","ping_status":"closed","template":"","meta":{"iawp_total_views":0,"footnotes":""},"class_list":["post-3730","page","type-page","status-publish","hentry"],"yoast_head":"<!-- This site is optimized with the Yoast SEO plugin v27.5 - https:\/\/yoast.com\/product\/yoast-seo-wordpress\/ -->\n<title>Cerere Ofert\u0103 - MAZAROM<\/title>\n<meta name=\"robots\" content=\"index, follow, max-snippet:-1, max-image-preview:large, max-video-preview:-1\" \/>\n<link rel=\"canonical\" href=\"https:\/\/maz.card-sat.com\/ro\/cerere-oferta\/\" \/>\n<meta property=\"og:locale\" content=\"ro_RO\" \/>\n<meta property=\"og:type\" content=\"article\" \/>\n<meta property=\"og:title\" content=\"Cerere Ofert\u0103 - MAZAROM\" \/>\n<meta property=\"og:description\" content=\"SOLICIT\u0102 OFERT\u0102 Dori\u021bi mai multe informa\u021bii despre produsele sau serviciile noastre? Echipa noastr\u0103 v\u0103 poate ajuta. Spune\u021bi-ne mai multe despre nevoile dumneavoastr\u0103 prin intermediul formularului ata\u0219at. Vom face tot posibilul s\u0103 v\u0103 contact\u0103m \u00eentr-o zi. Please enable JavaScript in your browser to complete this form.Please enable JavaScript in your browser to complete this form. Nume: [&hellip;]\" \/>\n<meta property=\"og:url\" content=\"https:\/\/maz.card-sat.com\/ro\/cerere-oferta\/\" \/>\n<meta property=\"og:site_name\" content=\"MAZAROM\" \/>\n<meta property=\"article:modified_time\" content=\"2025-04-23T11:38:11+00:00\" \/>\n<meta property=\"og:image\" content=\"https:\/\/maz.card-sat.com\/wp-content\/uploads\/2024\/10\/separator1.webp?_t=1745408291\" \/>\n<meta name=\"twitter:card\" content=\"summary_large_image\" \/>\n<meta name=\"twitter:label1\" content=\"Timp estimat pentru citire\" \/>\n\t<meta name=\"twitter:data1\" content=\"1 minut\" \/>\n<script type=\"application\/ld+json\" class=\"yoast-schema-graph\">{\"@context\":\"https:\\\/\\\/schema.org\",\"@graph\":[{\"@type\":\"WebPage\",\"@id\":\"https:\\\/\\\/maz.card-sat.com\\\/cerere-oferta\\\/\",\"url\":\"https:\\\/\\\/maz.card-sat.com\\\/cerere-oferta\\\/\",\"name\":\"Cerere Ofert\u0103 - MAZAROM\",\"isPartOf\":{\"@id\":\"http:\\\/\\\/maz.card-sat.com\\\/ro\\\/#website\"},\"primaryImageOfPage\":{\"@id\":\"https:\\\/\\\/maz.card-sat.com\\\/cerere-oferta\\\/#primaryimage\"},\"image\":{\"@id\":\"https:\\\/\\\/maz.card-sat.com\\\/cerere-oferta\\\/#primaryimage\"},\"thumbnailUrl\":\"https:\\\/\\\/maz.card-sat.com\\\/wp-content\\\/uploads\\\/2024\\\/10\\\/separator1.webp?_t=1745408291\",\"datePublished\":\"2024-10-09T10:12:15+00:00\",\"dateModified\":\"2025-04-23T11:38:11+00:00\",\"breadcrumb\":{\"@id\":\"https:\\\/\\\/maz.card-sat.com\\\/cerere-oferta\\\/#breadcrumb\"},\"inLanguage\":\"ro-RO\",\"potentialAction\":[{\"@type\":\"ReadAction\",\"target\":[\"https:\\\/\\\/maz.card-sat.com\\\/cerere-oferta\\\/\"]}]},{\"@type\":\"ImageObject\",\"inLanguage\":\"ro-RO\",\"@id\":\"https:\\\/\\\/maz.card-sat.com\\\/cerere-oferta\\\/#primaryimage\",\"url\":\"https:\\\/\\\/maz.card-sat.com\\\/wp-content\\\/uploads\\\/2024\\\/10\\\/separator1.webp?_t=1745408291\",\"contentUrl\":\"https:\\\/\\\/maz.card-sat.com\\\/wp-content\\\/uploads\\\/2024\\\/10\\\/separator1.webp?_t=1745408291\"},{\"@type\":\"BreadcrumbList\",\"@id\":\"https:\\\/\\\/maz.card-sat.com\\\/cerere-oferta\\\/#breadcrumb\",\"itemListElement\":[{\"@type\":\"ListItem\",\"position\":1,\"name\":\"ACAS\u0102\",\"item\":\"http:\\\/\\\/maz.card-sat.com\\\/ro\\\/\"},{\"@type\":\"ListItem\",\"position\":2,\"name\":\"Cerere Ofert\u0103\"}]},{\"@type\":\"WebSite\",\"@id\":\"http:\\\/\\\/maz.card-sat.com\\\/ro\\\/#website\",\"url\":\"http:\\\/\\\/maz.card-sat.com\\\/ro\\\/\",\"name\":\"MAZAROM\",\"description\":\"\",\"publisher\":{\"@id\":\"http:\\\/\\\/maz.card-sat.com\\\/ro\\\/#organization\"},\"potentialAction\":[{\"@type\":\"SearchAction\",\"target\":{\"@type\":\"EntryPoint\",\"urlTemplate\":\"http:\\\/\\\/maz.card-sat.com\\\/ro\\\/?s={search_term_string}\"},\"query-input\":{\"@type\":\"PropertyValueSpecification\",\"valueRequired\":true,\"valueName\":\"search_term_string\"}}],\"inLanguage\":\"ro-RO\"},{\"@type\":\"Organization\",\"@id\":\"http:\\\/\\\/maz.card-sat.com\\\/ro\\\/#organization\",\"name\":\"MAZAROM\",\"url\":\"http:\\\/\\\/maz.card-sat.com\\\/ro\\\/\",\"logo\":{\"@type\":\"ImageObject\",\"inLanguage\":\"ro-RO\",\"@id\":\"http:\\\/\\\/maz.card-sat.com\\\/ro\\\/#\\\/schema\\\/logo\\\/image\\\/\",\"url\":\"https:\\\/\\\/maz.card-sat.com\\\/wp-content\\\/uploads\\\/2024\\\/09\\\/logo.webp\",\"contentUrl\":\"https:\\\/\\\/maz.card-sat.com\\\/wp-content\\\/uploads\\\/2024\\\/09\\\/logo.webp\",\"width\":1024,\"height\":137,\"caption\":\"MAZAROM\"},\"image\":{\"@id\":\"http:\\\/\\\/maz.card-sat.com\\\/ro\\\/#\\\/schema\\\/logo\\\/image\\\/\"}}]}<\/script>\n<!-- \/ Yoast SEO plugin. -->","yoast_head_json":{"title":"Cerere Ofert\u0103 - MAZAROM","robots":{"index":"index","follow":"follow","max-snippet":"max-snippet:-1","max-image-preview":"max-image-preview:large","max-video-preview":"max-video-preview:-1"},"canonical":"https:\/\/maz.card-sat.com\/ro\/cerere-oferta\/","og_locale":"ro_RO","og_type":"article","og_title":"Cerere Ofert\u0103 - MAZAROM","og_description":"SOLICIT\u0102 OFERT\u0102 Dori\u021bi mai multe informa\u021bii despre produsele sau serviciile noastre? Echipa noastr\u0103 v\u0103 poate ajuta. Spune\u021bi-ne mai multe despre nevoile dumneavoastr\u0103 prin intermediul formularului ata\u0219at. Vom face tot posibilul s\u0103 v\u0103 contact\u0103m \u00eentr-o zi. Please enable JavaScript in your browser to complete this form.Please enable JavaScript in your browser to complete this form. Nume: [&hellip;]","og_url":"https:\/\/maz.card-sat.com\/ro\/cerere-oferta\/","og_site_name":"MAZAROM","article_modified_time":"2025-04-23T11:38:11+00:00","og_image":[{"url":"https:\/\/maz.card-sat.com\/wp-content\/uploads\/2024\/10\/separator1.webp?_t=1745408291","type":"","width":"","height":""}],"twitter_card":"summary_large_image","twitter_misc":{"Timp estimat pentru citire":"1 minut"},"schema":{"@context":"https:\/\/schema.org","@graph":[{"@type":"WebPage","@id":"https:\/\/maz.card-sat.com\/cerere-oferta\/","url":"https:\/\/maz.card-sat.com\/cerere-oferta\/","name":"Cerere Ofert\u0103 - MAZAROM","isPartOf":{"@id":"http:\/\/maz.card-sat.com\/ro\/#website"},"primaryImageOfPage":{"@id":"https:\/\/maz.card-sat.com\/cerere-oferta\/#primaryimage"},"image":{"@id":"https:\/\/maz.card-sat.com\/cerere-oferta\/#primaryimage"},"thumbnailUrl":"https:\/\/maz.card-sat.com\/wp-content\/uploads\/2024\/10\/separator1.webp?_t=1745408291","datePublished":"2024-10-09T10:12:15+00:00","dateModified":"2025-04-23T11:38:11+00:00","breadcrumb":{"@id":"https:\/\/maz.card-sat.com\/cerere-oferta\/#breadcrumb"},"inLanguage":"ro-RO","potentialAction":[{"@type":"ReadAction","target":["https:\/\/maz.card-sat.com\/cerere-oferta\/"]}]},{"@type":"ImageObject","inLanguage":"ro-RO","@id":"https:\/\/maz.card-sat.com\/cerere-oferta\/#primaryimage","url":"https:\/\/maz.card-sat.com\/wp-content\/uploads\/2024\/10\/separator1.webp?_t=1745408291","contentUrl":"https:\/\/maz.card-sat.com\/wp-content\/uploads\/2024\/10\/separator1.webp?_t=1745408291"},{"@type":"BreadcrumbList","@id":"https:\/\/maz.card-sat.com\/cerere-oferta\/#breadcrumb","itemListElement":[{"@type":"ListItem","position":1,"name":"ACAS\u0102","item":"http:\/\/maz.card-sat.com\/ro\/"},{"@type":"ListItem","position":2,"name":"Cerere Ofert\u0103"}]},{"@type":"WebSite","@id":"http:\/\/maz.card-sat.com\/ro\/#website","url":"http:\/\/maz.card-sat.com\/ro\/","name":"MAZAROM","description":"","publisher":{"@id":"http:\/\/maz.card-sat.com\/ro\/#organization"},"potentialAction":[{"@type":"SearchAction","target":{"@type":"EntryPoint","urlTemplate":"http:\/\/maz.card-sat.com\/ro\/?s={search_term_string}"},"query-input":{"@type":"PropertyValueSpecification","valueRequired":true,"valueName":"search_term_string"}}],"inLanguage":"ro-RO"},{"@type":"Organization","@id":"http:\/\/maz.card-sat.com\/ro\/#organization","name":"MAZAROM","url":"http:\/\/maz.card-sat.com\/ro\/","logo":{"@type":"ImageObject","inLanguage":"ro-RO","@id":"http:\/\/maz.card-sat.com\/ro\/#\/schema\/logo\/image\/","url":"https:\/\/maz.card-sat.com\/wp-content\/uploads\/2024\/09\/logo.webp","contentUrl":"https:\/\/maz.card-sat.com\/wp-content\/uploads\/2024\/09\/logo.webp","width":1024,"height":137,"caption":"MAZAROM"},"image":{"@id":"http:\/\/maz.card-sat.com\/ro\/#\/schema\/logo\/image\/"}}]}},"_links":{"self":[{"href":"https:\/\/maz.card-sat.com\/ro\/wp-json\/wp\/v2\/pages\/3730","targetHints":{"allow":["GET"]}}],"collection":[{"href":"https:\/\/maz.card-sat.com\/ro\/wp-json\/wp\/v2\/pages"}],"about":[{"href":"https:\/\/maz.card-sat.com\/ro\/wp-json\/wp\/v2\/types\/page"}],"author":[{"embeddable":true,"href":"https:\/\/maz.card-sat.com\/ro\/wp-json\/wp\/v2\/users\/3"}],"replies":[{"embeddable":true,"href":"https:\/\/maz.card-sat.com\/ro\/wp-json\/wp\/v2\/comments?post=3730"}],"version-history":[{"count":40,"href":"https:\/\/maz.card-sat.com\/ro\/wp-json\/wp\/v2\/pages\/3730\/revisions"}],"predecessor-version":[{"id":8995,"href":"https:\/\/maz.card-sat.com\/ro\/wp-json\/wp\/v2\/pages\/3730\/revisions\/8995"}],"wp:attachment":[{"href":"https:\/\/maz.card-sat.com\/ro\/wp-json\/wp\/v2\/media?parent=3730"}],"curies":[{"name":"wp","href":"https:\/\/api.w.org\/{rel}","templated":true}]}}